{"id":2,"date":"2025-05-20T14:46:28","date_gmt":"2025-05-20T12:46:28","guid":{"rendered":"http:\/\/www.stephaniepiccillo.com\/?page_id=2"},"modified":"2026-04-07T15:49:16","modified_gmt":"2026-04-07T13:49:16","slug":"page-d-exemple","status":"publish","type":"page","link":"https:\/\/www.stephaniepiccillo.com\/","title":{"rendered":"Accueil"},"content":{"rendered":"\n<meta charset=\"UTF-8\">\n  <title>Accueil &#8211; St\u00e9phanie Piccillo<\/title>\n  <style>\n    body {\n      font-family: 'Segoe UI', sans-serif;\n      line-height: 1.6;\n      margin: 0;\n      padding: 0 20px;\n      color: #333;\n      background-color: #fff;\n    }\n    header {\n      background-color: #9c8385 ;\n      color: #fff;\n      padding: 40px 20px;\n      text-align: center;\n    }\n    header h1 {\n      font-size: 2.2em;\n    }\n    section {\n      margin: 40px auto;\n      max-width: 800px;\n    }\n    h2 {\n      color: #8b0000;\n      font-size: 1.8em;\n      margin-bottom: 10px;\n    }\n    p {\n      font-size: 1.05em;\n    }\n    a {\n      color: #8b0000;\n      text-decoration: none;\n      font-weight: bold;\n    }\n    a:hover {\n      text-decoration: underline;\n    }\n    .button {\n      display: inline-block;\n      padding: 10px 20px;\n      background-color: #8b0000;\n      color: #fff;\n      text-decoration: none;\n      border-radius: 5px;\n      margin: 10px 0;\n    }\n    footer {\n      text-align: center;\n      margin: 60px 0 20px;\n      font-size: 0.9em;\n      color: #777;\n    }\n  <\/style>\n\n\n\n<header>\n  <h1>Bienvenue dans mes mondes !<\/h1>\n  <p>Vampires, m\u00e9tamorphes, amours contrari\u00e9s\u2026 et h\u00e9ro\u00efnes farouchement humaines.<\/p>\n  <p><strong>St\u00e9phanie Piccillo<\/strong> \u2014 autrice belge de romance contemporaine, d\u2019urban fantasy et de young adult.<\/p>\n<\/header>\n\n<section>\n  <h2>\ud83d\udcc6 Prochains \u00e9v\u00e9nements<\/h2>\n \n<ul>\n<ul>   \n<li>\ud83d\udccd <strong>Diamonds And Books 2026<\/strong> \u2013 16 et 17 mai 2026 \u2013 LILLERS (62 &#8211; FR)<\/li>\n  <\/ul>\n<ul>   \n<li>\ud83d\udccd <strong>Festival M\u00e9dieval Fantastique Dragonia 2026<\/strong> \u2013 27 &amp; 28 juin 2026 \u2013 Ch\u00e2teau de Spontin &#8211; Yvoir (BE)<\/li>\n  <\/ul>\n<ul>\n<li>\ud83d\udccd <strong>Salon New&#8217;s Aly Romance<\/strong> \u2013 11 et 12 juillet 2026 \u2013 Andelys (27 &#8211; FR)<\/li>\n  <\/ul> <\/ul><\/section>\n\n<section>\n  <h2>\ud83d\udcda Mes romans<\/h2>\n  <p><strong>\u2728 Derni\u00e8res sorties :<\/strong>\n<br><em>Le Secret de Sheepfold<\/em><br>\nUn manoir. Une mal\u00e9diction. Et la promesse d\u2019un No\u00ebl pas comme les autres&#8230;<br>\n<a href=\"URL_DU_LIEN\">\n    <img decoding=\"async\" src=\"https:\/\/m.media-amazon.com\/images\/I\/41elWIsCMzL._SY445_SX342_ControlCacheEqualizer_.jpg\" alt=\"Le Secret de Sheepfold\">\n<\/a>\n <a class=\"button\" href=\"https:\/\/www.amazon.fr\/dp\/B0FXXDRPYP\/ref=sr_1_1?__mk_fr_FR=%C3%85M%C3%85%C5%BD%C3%95%C3%91&amp;crid=1F6ZEXKL5SCUQ&amp;dib=eyJ2IjoiMSJ9.Cba9CUhIC1HnP0oFWiLrqg.8-RwsMDpi082C3aFPAmW7cRDxTpvLkke_NUHfCM2ePk&amp;dib_tag=se&amp;keywords=le+secret+de+sheepfold&amp;qid=1761825609&amp;sprefix=le+secret+de+sheepfo%2Caps%2C143&amp;sr=8-1\">D\u00e9couvrir le roman<\/a><\/p>\n\n<br><em>Un inconnu sous le sapin &#8211; r\u00e9\u00e9dition<\/em><br>\n Un inconnu, un canap\u00e9, et une promesse : ce No\u00ebl ne ressemblera \u00e0 aucun autre. <br>\n<a href=\"URL_DU_LIEN\">\n    <img decoding=\"async\" src=\"https:\/\/m.media-amazon.com\/images\/I\/41qWPTfbWVL._SY445_SX342_ControlCacheEqualizer_.jpg\">\n<\/a>\n  <a class=\"button\" href=\"https:\/\/urlr.me\/qDJu8g\">D\u00e9couvrir le roman<\/a><p><\/p>\n<\/ul><\/section>\n\n<section>\n  <h2>\ud83d\udc8c Rejoins ma newsletter<\/h2>\n  <p>Re\u00e7ois un bonus exclusif + toutes les actus, extraits in\u00e9dits, jeux-concours et surprises !<\/p>\n  <a class=\"button\" href=\"https:\/\/www.stephaniepiccillo.com\/index.php\/newsletter\/\">Inscription rapide ici<\/a>\n<\/section>\n\n<section>\n  <h2>\ud83d\udc69\u200d\ud83d\udcbb Qui suis-je ?<\/h2>\n  <p>Professeure de fran\u00e7ais dans le secondaire sp\u00e9cialis\u00e9 et autrice depuis 2021,  \n  j\u2019aime cr\u00e9er des histoires o\u00f9 la romance se m\u00eale \u00e0 l\u2019\u00e9trange, o\u00f9 l\u2019humain rencontre le surnaturel\u2026 et o\u00f9 rien ne se passe jamais comme pr\u00e9vu.<\/p>\n  <p><strong>Mon truc ?<\/strong> Les fins machiav\u00e9liques, les personnages ab\u00eem\u00e9s et les \u00e9motions brutes.<\/p>\n  <p><a href=\"https:\/\/www.amazon.fr\/stores\/author\/B0921Q45Y3\/about\">En savoir plus sur moi \u2192<\/a><\/p>\n<\/section>\n\n\n<section>\n  <h2>\ud83d\udd17 Suis-moi sur les r\u00e9seaux<\/h2>\n  <p>Pour ne rien manquer de mes projets, lectures, inspirations et coulisses :<\/p>\n  <ul>\n    <li>\ud83d\udcf8 <a href=\"https:\/\/www.instagram.com\/stephanie.piccillo.auteure\/\">Instagram<\/a><\/li>\n    <li>\ud83c\udfb5 <a href=\"https:\/\/www.facebook.com\/stephaniepiccilloauteure\/\">Facebook<\/a><\/li>\n    <li>\ud83d\udcda <a href=\"https:\/\/www.tiktok.com\/@stpauteure\">Tiktok<\/a><\/li>\n    <li>\ud83d\udd8b\ufe0f <a href=\"https:\/\/www.stephaniepiccillo.com\">Site officiel<\/a><\/li>\n  <\/ul>\n<\/section>\n\n<footer>\n  <p>Merci de ta visite, et \u00e0 tr\u00e8s vite pour de nouvelles aventures litt\u00e9raires \ud83d\udc9c<\/p>\n<\/footer>\n\n\n\n<p class=\"wp-block-paragraph\"><\/p>\n","protected":false},"excerpt":{"rendered":"<p>Accueil &#8211; St\u00e9phanie Piccillo Bienvenue dans mes mondes ! Vampires, m\u00e9tamorphes, amours contrari\u00e9s\u2026 et h\u00e9ro\u00efnes&hellip;<\/p>\n","protected":false},"author":1,"featured_media":0,"parent":0,"menu_order":0,"comment_status":"closed","ping_status":"open","template":"","meta":{"_crdt_document":"","footnotes":""},"class_list":["post-2","page","type-page","status-publish","hentry"],"_links":{"self":[{"href":"https:\/\/www.stephaniepiccillo.com\/index.php\/wp-json\/wp\/v2\/pages\/2","targetHints":{"allow":["GET"]}}],"collection":[{"href":"https:\/\/www.stephaniepiccillo.com\/index.php\/wp-json\/wp\/v2\/pages"}],"about":[{"href":"https:\/\/www.stephaniepiccillo.com\/index.php\/wp-json\/wp\/v2\/types\/page"}],"author":[{"embeddable":true,"href":"https:\/\/www.stephaniepiccillo.com\/index.php\/wp-json\/wp\/v2\/users\/1"}],"replies":[{"embeddable":true,"href":"https:\/\/www.stephaniepiccillo.com\/index.php\/wp-json\/wp\/v2\/comments?post=2"}],"version-history":[{"count":23,"href":"https:\/\/www.stephaniepiccillo.com\/index.php\/wp-json\/wp\/v2\/pages\/2\/revisions"}],"predecessor-version":[{"id":159,"href":"https:\/\/www.stephaniepiccillo.com\/index.php\/wp-json\/wp\/v2\/pages\/2\/revisions\/159"}],"wp:attachment":[{"href":"https:\/\/www.stephaniepiccillo.com\/index.php\/wp-json\/wp\/v2\/media?parent=2"}],"curies":[{"name":"wp","href":"https:\/\/api.w.org\/{rel}","templated":true}]}}